{"id":2202,"date":"2018-07-02T14:16:57","date_gmt":"2018-07-02T12:16:57","guid":{"rendered":"https:\/\/www.plastigraftrevigiana.com\/cookies-policy\/"},"modified":"2019-07-09T10:34:56","modified_gmt":"2019-07-09T08:34:56","slug":"cookies-policy","status":"publish","type":"page","link":"https:\/\/www.plastigraftrevigiana.com\/en\/cookies-policy\/","title":{"rendered":"Cookies Policy"},"content":{"rendered":"<p>Questa informativa illustra in dettaglio come questo sito utilizza i cookie nonch\u00e9 i file tipo cookie e le tecnologie sui suoi siti web, ad esempio i Local Shared Objects, noti anche come i \u201ccookie di Flash\u201d, i Web beacon, ecc. Ci riferiremo a questi generalmente come \u201ccookie\u201d. Se visiti il nostro sito web e le impostazioni del tuo browser accettano i cookie, l\u2019utilizzo dei nostri cookie sar\u00e0 considerato accettato.<\/p>\n<p>I cookie sono piccoli file inviati e memorizzati nel tuo computer dai siti web che visiti. I cookie sono memorizzati nella directory dei file del tuo browser. La volta successiva in cui visiterai il sito, il tuo browser legger\u00e0 il cookie e ritrasmetter\u00e0 le informazioni al sito web o all\u2019entit\u00e0 che originariamente ha creato il cookie. Per saperne di pi\u00f9 su queste tecnologie e su come funzionano, visita, ad esempio, il sito allaboutcookies.org.<\/p>\n<p>I cookies di sessione utilizzati in questo sito evitano il ricorso ad altre tecniche informatiche potenzialmente pregiudizievoli per la riservatezza della navigazione degli utenti e non consentono l\u2019acquisizione di dati personali identificativi dell\u2019utente.<\/p>\n<p>I tempi di conservazione dei dati acquisiti dipendono dai tipi di cookie. I cookie della sessione scadono quando viene chiuso il browser. I cookie persistenti, incluso i Local Shared Objects \ufd3e\u201ccookie di Flash\u201d\ufd3f, hanno date di scadenza tipiche che vanno da due mesi fino a un paio di anni.<\/p>\n<h4>Come disabilitare i cookie (opt-out)<\/h4>\n<p>La maggioranza dei browser internet sono inizialmente impostati per accettare i cookie in modo automatico. Ci\u00f2 significa che hai la possibilit\u00e0, in ogni momento, di impostare il tuo browser in modo da accettare tutti i cookie, solo alcuni, oppure di rifiutarli, disabilitandone l\u2019uso da parte dei siti. Inoltre puoi normalmente impostare le preferenze del tuo browser in modo tale da essere avvisato ogni volta che un cookie viene memorizzato nel tuo computer. Al termine di ogni sessione di navigazione, infine, puoi cancellare dal disco fisso del tuo dispositivo i cookie raccolti. Se vuoi eliminare i cookie installati nella cartella dei cookie del browser utilizzato, occorre rammentare che ciascun browser presenta procedure diverse per la gestione delle impostazioni.<\/p>\n<p>Puoi trovare informazioni su come gestire i Cookie nel tuo browser ai seguenti indirizzi:<\/p>\n<p><a href=\"https:\/\/support.google.com\/chrome\/answer\/95647?co=GENIE.Platform%3DDesktop&amp;hl=it\" target=\"_blank\" rel=\"noopener noreferrer\">Google Chrome<\/a><\/p>\n<p><a href=\"https:\/\/support.mozilla.org\/it\/kb\/Gestione%20dei%20cookie\" target=\"_blank\" rel=\"noopener noreferrer\">Mozilla Firefox<\/a><\/p>\n<p><a href=\"https:\/\/support.apple.com\/kb\/ph19214?locale=it_IT\" target=\"_blank\" rel=\"noopener noreferrer\">Apple Safari<\/a><\/p>\n<p><a href=\"https:\/\/support.apple.com\/it-it\/HT201265\" target=\"_blank\" rel=\"noopener noreferrer\">Apple Safari per dispositivi mobili<\/a><\/p>\n<p><a href=\"https:\/\/support.microsoft.com\/it-it\/help\/17442\/windows-internet-explorer-delete-manage-cookies\" target=\"_blank\" rel=\"noopener noreferrer\">Microsoft Windows Explorer<\/a><\/p>\n<p><a href=\"https:\/\/privacy.microsoft.com\/it-IT\/windows-10-microsoft-edge-and-privacy\" target=\"_blank\" rel=\"noopener noreferrer\">Microsoft Windows Edge<\/a><\/p>\n<p>Inoltre per non ricevere i cookie di Google Analytics puoi visitare la pagina: <a href=\"https:\/\/tools.google.com\/dlpage\/gaoptout\/\" target=\"_blank\" rel=\"noopener noreferrer\">https:\/\/tools.google.com\/dlpage\/gaoptout\/<\/a><\/p>\n<p>In alternativa \u00e8 possibile disabilitare soltanto i cookie di Google Analytics, utilizzando il componente aggiuntivo di opt-out fornito da Google per i browser principali.<\/p>\n<p>Se vuoi saperne di pi\u00f9 sui cookie in generale visita la pagina www.allaboutcookies.org oppure www.garanteprivacy\/cookie.<\/p>\n<h4>Cookie tecnici che non richiedono consenso<\/h4>\n<p>I cookie cosiddetti \u201ctecnici\u201d, per i quali non \u00e8 richiesto alcun consenso al loro trattamento, sono da considerarsi i seguenti:<\/p>\n<p>a) Cookie relativi ad attivit\u00e0 strettamente necessarie al funzionamento del sito e all\u2019erogazione del servizio: sono cookie volti a garantire la normale navigazione del sito. Nella maggior parte dei casi si tratta di cookie di sessione.<br \/>\nb) Cookie di funzionalit\u00e0, relativi ad attivit\u00e0 di ottimizzazione: sono cookie che permettono all\u2019utente di navigare sul sito in funzione dei criteri selezionati (come ad esempio la lingua, la valuta, il contenuto del carrello durante gli acquisti online) al fine di consentire la fruizione dei servizi resi e\/o di migliorarli. Nella maggior parte dei casi si tratta di cookie che hanno una durata massima di 365 giorni.<\/p>\n<p>Tutti i cookie tecnici non richiedono consenso, perci\u00f2 vengono installati automaticamente a seguito dell\u2019accesso al sito e non vengono utilizzati per scopi ulteriori.<\/p>\n<h4>Servizi e cookies erogati da Terze Parti<\/h4>\n<p>In caso di servizi erogati da terze parti, puoi inoltre esercitare il tuo diritto ad opporti al tracciamento informandoti tramite la privacy policy della terza parte, tramite il link di opt out se esplicitamente fornito o contattando direttamente la stessa.<br \/>\nFermo restando quanto poc\u2019anzi affermato, il Titolare t\u2019informa che puoi avvalerti di Your Online Choices (http:\/\/www.youronlinechoices.com\/). Attraverso tale servizio ti \u00e8 possibile gestire le preferenze di tracciamento della maggior parte degli strumenti pubblicitari. Il Titolare, pertanto, ti consiglia di utilizzare tale risorsa in aggiunta alle informazioni fornite dal presente documento.<\/p>\n<p>Dal momento che l\u2019installazione di Cookie e di altri sistemi di tracciamento operata da terze parti tramite i servizi utilizzati all\u2019interno di questo Sito non pu\u00f2 essere tecnicamente controllato dal Titolare, ogni riferimento specifico a Cookie e sistemi di tracciamento installati da terze parti \u00e8 da considerarsi indicativo. Per ottenere informazioni complete, consulta la privacy policy degli eventuali servizi terzi.<br \/>\nVista l\u2019oggettiva complessit\u00e0 legata all\u2019identificazione delle tecnologie basate sui Cookie ed alla loro integrazione molto stretta con il funzionamento del web, sei invitato a contattare il Titolare qualora volessi ricevere qualunque approfondimento relativo all\u2019utilizzo dei Cookie stessi e ad eventuali utilizzi degli stessi \u2013 ad esempio ad opera di terzi \u2013 effettuati tramite questo sito.<\/p>\n<h4>Cookie Policy del sito www.plastigraftrevigiana.com<\/h4>\n<p>Il sito www.plastigraftrevigiana.com utilizza due tipi di cookie: cookie di sessione per l\u2019autenticazione (gestione del sito, aree riservate e accettazione dei cookie) e cookie tecnici di monitoraggio (Google Analytics, opportunamente anonimizzato).<\/p>\n<h4>Cookie di sessione (indispensabili per la gestione del sito)<\/h4>\n<p>Il sito www.plastigraftrevigiana.com utilizza cookie http di sessione per gestire l\u2019autenticazione per la gestione del sito e per accedere alle aree riservate. L\u2019uso di cookie di sessione (che non vengono memorizzati in modo persistente sul computer dell\u2019utente e si eliminano con la chiusura del browser) \u00e8 strettamente limitato alla trasmissione di identificativi di sessione necessari per consentire l\u2019esplorazione sicura ed efficiente del sito. E\u2019 presente un cookie per la registrazione delle opzioni relative ai cookies.<\/p>\n<table class=\"table table-bordered\" border=\"1\">\n<tbody>\n<tr>\n<td>Nome<\/td>\n<td>Tipologia<\/td>\n<td>Durata<\/td>\n<td>Funzione<\/td>\n<\/tr>\n<tr>\n<td>wordpress_test_cookie<\/td>\n<td>cookie tecnico<\/td>\n<td>sessione<\/td>\n<td>verifica la possibilit\u00e0 di registrare cookie sul browser dell\u2019utente<\/td>\n<\/tr>\n<tr>\n<td>wordpress_logged_in_[hash]<\/td>\n<td>cookie tecnico<\/td>\n<td>sessione<\/td>\n<td>identifica l\u2019utente loggato per la gestione del sito (front-end), [hash] \u00e8 un\u2019identificativo unico di username e password<\/td>\n<\/tr>\n<tr>\n<td>wordpress_[hash]<\/td>\n<td>cookie tecnico<\/td>\n<td>sessione<\/td>\n<td>identifica l\u2019utente loggato per la gestione del sito (back-end), [hash] \u00e8 un\u2019identificativo unico di username e password<\/td>\n<\/tr>\n<tr>\n<td>wp-settings-[UID]<\/td>\n<td>cookie tecnico<\/td>\n<td>1 anno<\/td>\n<td>memorizza le impostazioni di utilizzo dell\u2019utente loggato identificato tramite [UID] che corrisponde al numero progressivo dell\u2019utente registrato<\/td>\n<\/tr>\n<tr>\n<td>wp-settings-time-[UID]<\/td>\n<td>cookie tecnico<\/td>\n<td>1 anno<\/td>\n<td>memorizza le impostazioni di utilizzo dell\u2019utente loggato identificato tramite [UID] che corrisponde al numero progressivo dell\u2019utente registrato<\/td>\n<\/tr>\n<tr>\n<td>cookie_alert<\/td>\n<td>cookie tecnico<\/td>\n<td>1 mese<\/td>\n<td>memorizza le impostazioni di utilizzo dell\u2019utente in relazione all\u2019accettazione della policy sui cookies<\/td>\n<\/tr>\n<\/tbody>\n<\/table>\n<h3><strong>Cookie di monitoraggio<br \/>\n<\/strong><\/h3>\n<p>I cookie di monitoraggio possono essere disabilitati senza nessuna conseguenza sulla navigazione del sito.<\/p>\n<p>City Center srl si avvale del servizio Google Analytics della societ\u00e0 Google, Inc. (di seguito \u201cGoogle\u201d) per la generazione di statistiche sull\u2019utilizzo del portale web; Google Analytics utilizza cookie (non di terze parti) che non memorizzano dati personali. Le informazioni ricavabili dai cookie sull\u2019utilizzo del sito web da parte degli utenti (compresi gli indirizzi IP) verranno trasmesse dal browser dell\u2019utente a Google, con sede a 1600 Amphitheatre Parkway, Mountain View, CA 94043, Stati Uniti, e depositate presso i server della societ\u00e0 stessa.<\/p>\n<p>Secondo i <a href=\"http:\/\/www.google.com\/analytics\/terms\/it.html\" target=\"_blank\" rel=\"noopener noreferrer\">termini di servizio<\/a> in essere, Google utilizzer\u00e0 queste informazioni, in qualit\u00e0 di titolare autonomo del trattamento, allo scopo di tracciare e esaminare l\u2019utilizzo del sito web, compilare report sulle attivit\u00e0 del sito ad uso degli operatori del sito stesso e fornire altri servizi relativi alle attivit\u00e0 del sito web, alle modalit\u00e0 di connessione (mobile, pc, browser utilizzato etc) e alle modalit\u00e0 di ricerca e raggiungimento delle pagine del portale. Google pu\u00f2 anche trasferire queste informazioni a terzi ove ci\u00f2 sia imposto dalla legge o laddove tali terzi trattino le suddette informazioni per conto di Google. Google non associer\u00e0 gli indirizzi IP a nessun altro dato posseduto da Google.<\/p>\n<p>Per consultare l\u2019informativa privacy della societ\u00e0 Google, relativa al servizio Google Analytics, si prega di visitare il sito Internet<br \/>\n<a href=\"http:\/\/www.google.com\/intl\/en\/analytics\/privacyoverview.html.\" target=\"_blank\" rel=\"noopener noreferrer\">http:\/\/www.google.com\/intl\/en\/analytics\/privacyoverview.html.<\/a><\/p>\n<p>Per conoscere le norme sulla privacy di Google, si invita a vistare il sito Internet<br \/>\n<a href=\"http:\/\/www.google.com\/intl\/it\/privacy\/privacy-policy.html.\" target=\"_blank\" rel=\"noopener noreferrer\">http:\/\/www.google.com\/intl\/it\/privacy\/privacy-policy.html.<\/a><\/p>\n<p>Utilizzando il presente sito web, si acconsente al trattamento dei propri dati da parte di Google per le modalit\u00e0 e i fini sopra indicati.<\/p>\n<table class=\"table table-bordered\" border=\"1\">\n<tbody>\n<tr>\n<td>Nome<\/td>\n<td>Tipologia<\/td>\n<td>Durata<\/td>\n<td>Funzione<\/td>\n<\/tr>\n<tr>\n<td>_ga<\/td>\n<td>cookie di tracciamento<\/td>\n<td>2 anni<\/td>\n<td>generazione di statistiche sull\u2019utilizzo del sito web<\/td>\n<\/tr>\n<\/tbody>\n<\/table>\n<h4><strong>Privacy Policy del sito www.plastigraftrevigiana.com<\/strong><\/h4>\n<p>Per ulteriori approfondimenti ed una Privacy Policy completa del sito www.plastigraftrevigana.com clicca <a href=\"https:\/\/www.plastigraftrevigiana.com\/privacy-policy\/\" target=\"_blank\" rel=\"noopener noreferrer\">qui.<\/a><\/p>\n<h4><strong>Verifica i tuoi cookies comportamentali<br \/>\n<\/strong><\/h4>\n<p>E\u2019 possibile prendere visione dei cookies di tipo comportamentale presenti sul proprio browser per il tracciamento delle attivit\u00e0 visitando l\u2019indirizzo<\/p>\n<p><a href=\"http:\/\/www.youronlinechoices.com\/it\/le-tue-scelte\/\" target=\"_blank\" rel=\"noopener noreferrer\">http:\/\/www.youronlinechoices.com\/it\/le-tue-scelte\/<\/a><\/p>\n<h4><strong>Riferimenti legali<br \/>\n<\/strong><\/h4>\n<p>Avviso agli Utenti europei: la presente informativa privacy \u00e8 redatta in adempimento degli obblighi previsti dagli artt. 13-14 Reg.to UE 2016\/679, nonch\u00e9 a quanto previsto dalla Direttiva 2002\/58\/CE, come aggiornata dalla Direttiva 2009\/136\/CE, in materia di Cookie. Questa informativa privacy riguarda esclusivamente questo sito web.<\/p>\n<h4><strong>Per maggiori informazioni puoi contattare il Titolare del trattamento:<br \/>\n<\/strong><\/h4>\n<div class=\"py-4 col-12 col-sm-4\">\n<p class=\"h6 fw-600 mb-4\"><strong>PLASTIGRAF TREVIGIANA SRL<\/strong><br \/>\nVia Tommaso Salsa, 64<br \/>\n31030 Carbonera \u2013 TV<br \/>\nItaly<\/p>\n<\/div>\n","protected":false},"excerpt":{"rendered":"<p>Questa informativa illustra in dettaglio come questo sito utilizza i cookie nonch\u00e9 i file tipo cookie e le tecnologie sui suoi siti web, ad esempio i Local Shared Objects, noti anche come i \u201ccookie di Flash\u201d, i Web beacon, ecc. Ci riferiremo a questi generalmente come \u201ccookie\u201d. Se visiti il nostro sito web e le [&hellip;]<\/p>\n","protected":false},"author":1,"featured_media":0,"parent":0,"menu_order":15,"comment_status":"closed","ping_status":"closed","template":"","meta":{"footnotes":""},"class_list":["post-2202","page","type-page","status-publish","hentry"],"yoast_head":"<!-- This site is optimized with the Yoast SEO plugin v26.1.1 - https:\/\/yoast.com\/wordpress\/plugins\/seo\/ -->\n<title>Cookies Policy - Plastigraf Trevigiana<\/title>\n<meta name=\"robots\" content=\"index, follow, max-snippet:-1, max-image-preview:large, max-video-preview:-1\" \/>\n<link rel=\"canonical\" href=\"https:\/\/www.plastigraftrevigiana.com\/cookies-policy\/\" \/>\n<meta property=\"og:locale\" content=\"en_US\" \/>\n<meta property=\"og:type\" content=\"article\" \/>\n<meta property=\"og:title\" content=\"Cookies Policy - Plastigraf Trevigiana\" \/>\n<meta property=\"og:description\" content=\"Questa informativa illustra in dettaglio come questo sito utilizza i cookie nonch\u00e9 i file tipo cookie e le tecnologie sui suoi siti web, ad esempio i Local Shared Objects, noti anche come i \u201ccookie di Flash\u201d, i Web beacon, ecc. Ci riferiremo a questi generalmente come \u201ccookie\u201d. Se visiti il nostro sito web e le [&hellip;]\" \/>\n<meta property=\"og:url\" content=\"https:\/\/www.plastigraftrevigiana.com\/cookies-policy\/\" \/>\n<meta property=\"og:site_name\" content=\"Plastigraf Trevigiana\" \/>\n<meta property=\"article:modified_time\" content=\"2019-07-09T08:34:56+00:00\" \/>\n<meta name=\"twitter:card\" content=\"summary_large_image\" \/>\n<meta name=\"twitter:label1\" content=\"Est. reading time\" \/>\n\t<meta name=\"twitter:data1\" content=\"8 minutes\" \/>\n<script type=\"application\/ld+json\" class=\"yoast-schema-graph\">{\"@context\":\"https:\/\/schema.org\",\"@graph\":[{\"@type\":\"WebPage\",\"@id\":\"https:\/\/www.plastigraftrevigiana.com\/cookies-policy\/\",\"url\":\"https:\/\/www.plastigraftrevigiana.com\/cookies-policy\/\",\"name\":\"Cookies Policy - Plastigraf Trevigiana\",\"isPartOf\":{\"@id\":\"https:\/\/www.plastigraftrevigiana.com\/#website\"},\"datePublished\":\"2018-07-02T12:16:57+00:00\",\"dateModified\":\"2019-07-09T08:34:56+00:00\",\"breadcrumb\":{\"@id\":\"https:\/\/www.plastigraftrevigiana.com\/cookies-policy\/#breadcrumb\"},\"inLanguage\":\"en-US\",\"potentialAction\":[{\"@type\":\"ReadAction\",\"target\":[\"https:\/\/www.plastigraftrevigiana.com\/cookies-policy\/\"]}]},{\"@type\":\"BreadcrumbList\",\"@id\":\"https:\/\/www.plastigraftrevigiana.com\/cookies-policy\/#breadcrumb\",\"itemListElement\":[{\"@type\":\"ListItem\",\"position\":1,\"name\":\"Home\",\"item\":\"https:\/\/www.plastigraftrevigiana.com\/en\/\"},{\"@type\":\"ListItem\",\"position\":2,\"name\":\"Cookies Policy\"}]},{\"@type\":\"WebSite\",\"@id\":\"https:\/\/www.plastigraftrevigiana.com\/#website\",\"url\":\"https:\/\/www.plastigraftrevigiana.com\/\",\"name\":\"Plastigraf Trevigiana\",\"description\":\"Plastificazione carta, cartoncino ed affini\",\"potentialAction\":[{\"@type\":\"SearchAction\",\"target\":{\"@type\":\"EntryPoint\",\"urlTemplate\":\"https:\/\/www.plastigraftrevigiana.com\/?s={search_term_string}\"},\"query-input\":{\"@type\":\"PropertyValueSpecification\",\"valueRequired\":true,\"valueName\":\"search_term_string\"}}],\"inLanguage\":\"en-US\"}]}<\/script>\n<!-- \/ Yoast SEO plugin. -->","yoast_head_json":{"title":"Cookies Policy - Plastigraf Trevigiana","robots":{"index":"index","follow":"follow","max-snippet":"max-snippet:-1","max-image-preview":"max-image-preview:large","max-video-preview":"max-video-preview:-1"},"canonical":"https:\/\/www.plastigraftrevigiana.com\/cookies-policy\/","og_locale":"en_US","og_type":"article","og_title":"Cookies Policy - Plastigraf Trevigiana","og_description":"Questa informativa illustra in dettaglio come questo sito utilizza i cookie nonch\u00e9 i file tipo cookie e le tecnologie sui suoi siti web, ad esempio i Local Shared Objects, noti anche come i \u201ccookie di Flash\u201d, i Web beacon, ecc. Ci riferiremo a questi generalmente come \u201ccookie\u201d. Se visiti il nostro sito web e le [&hellip;]","og_url":"https:\/\/www.plastigraftrevigiana.com\/cookies-policy\/","og_site_name":"Plastigraf Trevigiana","article_modified_time":"2019-07-09T08:34:56+00:00","twitter_card":"summary_large_image","twitter_misc":{"Est. reading time":"8 minutes"},"schema":{"@context":"https:\/\/schema.org","@graph":[{"@type":"WebPage","@id":"https:\/\/www.plastigraftrevigiana.com\/cookies-policy\/","url":"https:\/\/www.plastigraftrevigiana.com\/cookies-policy\/","name":"Cookies Policy - Plastigraf Trevigiana","isPartOf":{"@id":"https:\/\/www.plastigraftrevigiana.com\/#website"},"datePublished":"2018-07-02T12:16:57+00:00","dateModified":"2019-07-09T08:34:56+00:00","breadcrumb":{"@id":"https:\/\/www.plastigraftrevigiana.com\/cookies-policy\/#breadcrumb"},"inLanguage":"en-US","potentialAction":[{"@type":"ReadAction","target":["https:\/\/www.plastigraftrevigiana.com\/cookies-policy\/"]}]},{"@type":"BreadcrumbList","@id":"https:\/\/www.plastigraftrevigiana.com\/cookies-policy\/#breadcrumb","itemListElement":[{"@type":"ListItem","position":1,"name":"Home","item":"https:\/\/www.plastigraftrevigiana.com\/en\/"},{"@type":"ListItem","position":2,"name":"Cookies Policy"}]},{"@type":"WebSite","@id":"https:\/\/www.plastigraftrevigiana.com\/#website","url":"https:\/\/www.plastigraftrevigiana.com\/","name":"Plastigraf Trevigiana","description":"Plastificazione carta, cartoncino ed affini","potentialAction":[{"@type":"SearchAction","target":{"@type":"EntryPoint","urlTemplate":"https:\/\/www.plastigraftrevigiana.com\/?s={search_term_string}"},"query-input":{"@type":"PropertyValueSpecification","valueRequired":true,"valueName":"search_term_string"}}],"inLanguage":"en-US"}]}},"_links":{"self":[{"href":"https:\/\/www.plastigraftrevigiana.com\/en\/wp-json\/wp\/v2\/pages\/2202","targetHints":{"allow":["GET"]}}],"collection":[{"href":"https:\/\/www.plastigraftrevigiana.com\/en\/wp-json\/wp\/v2\/pages"}],"about":[{"href":"https:\/\/www.plastigraftrevigiana.com\/en\/wp-json\/wp\/v2\/types\/page"}],"author":[{"embeddable":true,"href":"https:\/\/www.plastigraftrevigiana.com\/en\/wp-json\/wp\/v2\/users\/1"}],"replies":[{"embeddable":true,"href":"https:\/\/www.plastigraftrevigiana.com\/en\/wp-json\/wp\/v2\/comments?post=2202"}],"version-history":[{"count":1,"href":"https:\/\/www.plastigraftrevigiana.com\/en\/wp-json\/wp\/v2\/pages\/2202\/revisions"}],"predecessor-version":[{"id":2204,"href":"https:\/\/www.plastigraftrevigiana.com\/en\/wp-json\/wp\/v2\/pages\/2202\/revisions\/2204"}],"wp:attachment":[{"href":"https:\/\/www.plastigraftrevigiana.com\/en\/wp-json\/wp\/v2\/media?parent=2202"}],"curies":[{"name":"wp","href":"https:\/\/api.w.org\/{rel}","templated":true}]}}